{"id":3,"date":"2019-01-07T02:20:08","date_gmt":"2019-01-07T02:20:08","guid":{"rendered":"https:\/\/lucerneviolins.ch\/?page_id=3"},"modified":"2020-01-11T10:38:37","modified_gmt":"2020-01-11T09:38:37","slug":"privacy-policy","status":"publish","type":"page","link":"https:\/\/lucerneviolins.com\/fr\/privacy-policy\/","title":{"rendered":"Privacy Policy"},"content":{"rendered":"<div data-elementor-type=\"wp-page\" data-elementor-id=\"3\" class=\"elementor elementor-3\" data-elementor-post-type=\"page\">\n\t\t\t\t\t\t<section class=\"elementor-section elementor-top-section elementor-element elementor-element-13c3d0b elementor-section-boxed elementor-section-height-default elementor-section-height-default\" data-id=\"13c3d0b\" data-element_type=\"section\">\n\t\t\t\t\t\t<div class=\"elementor-container elementor-column-gap-default\">\n\t\t\t\t\t<div class=\"elementor-column elementor-col-100 elementor-top-column elementor-element elementor-element-5ed0b1b\" data-id=\"5ed0b1b\" data-element_type=\"column\">\n\t\t\t<div class=\"elementor-widget-wrap elementor-element-populated\">\n\t\t\t\t\t\t<div class=\"elementor-element elementor-element-80642e9 elementor-widget elementor-widget-text-editor\" data-id=\"80642e9\" data-element_type=\"widget\" data-widget_type=\"text-editor.default\">\n\t\t\t\t<div class=\"elementor-widget-container\">\n\t\t\t\t\t\t\t\t\t<h2><strong><span style=\"color: #000000;\">Das Wichtigste:<\/span><\/strong><\/h2>\n<p class=\"p1\"><span style=\"color: #000000;\">L'inscription \u00e0 notre \u00e9v\u00e9nement est contraignante. La demande est \u00e9lev\u00e9e. Si, malgr\u00e9 votre inscription, vous ne pouvez pas participer, nous vous serions reconnaissants de bien vouloir vous d\u00e9sinscrire afin de lib\u00e9rer la place.<\/span><\/p>\n<p class=\"p1\"><span style=\"color: #000000;\">Mit der Anmeldung sind Sie sich im klaren dass dieser Service nicht gratis ist. Nach einer kurzen Begutachtung Ihres Bogens\/Instrumentes besprechen Sie mit den Experten ob Sie Ausk\u00fcnfte \u00fcber das Objekt w\u00fcnschen, in welcher Form, m\u00fcndlich oder schriftlich und was dies kosten wird. Sie sind dann immer noch frei darauf zu verzichten.<\/span><\/p>\n<p class=\"p1 translation-block\"><span style=\"color: #000000;\">Mit der Zustimmung dieser AGBs best\u00e4tigen Privatpersonen, dass Sie der rechtm\u00e4ssige Besitzer des zu begutachtende Objektes sind, dies also weder gestohlen noch unterschlagen ist. Falls Sie das Objekt im Namen einer anderen Person oder Institution bringen, m\u00fcssen wir dies vorg\u00e4ngig wissen.&nbsp;<\/span><br><span style=\"color: #000000;\">Bitte bringen Sie alle Ihnen verf\u00fcgbaren Unterlagen mit, wie bestehende Zertifikate, Verkaufspapiere etc.<\/span><span style=\"color: #000000;\"><br><\/span><\/p>\t\t\t\t\t\t\t\t<\/div>\n\t\t\t\t<\/div>\n\t\t\t\t\t<\/div>\n\t\t<\/div>\n\t\t\t\t\t<\/div>\n\t\t<\/section>\n\t\t\t\t<section class=\"elementor-section elementor-top-section elementor-element elementor-element-7b27bac3 elementor-section-boxed elementor-section-height-default elementor-section-height-default\" data-id=\"7b27bac3\" data-element_type=\"section\">\n\t\t\t\t\t\t<div class=\"elementor-container elementor-column-gap-default\">\n\t\t\t\t\t<div class=\"elementor-column elementor-col-100 elementor-top-column elementor-element elementor-element-54a3690f\" data-id=\"54a3690f\" data-element_type=\"column\">\n\t\t\t<div class=\"elementor-widget-wrap elementor-element-populated\">\n\t\t\t\t\t\t<div class=\"elementor-element elementor-element-28c0b25d elementor-widget elementor-widget-text-editor\" data-id=\"28c0b25d\" data-element_type=\"widget\" data-widget_type=\"text-editor.default\">\n\t\t\t\t<div class=\"elementor-widget-container\">\n\t\t\t\t\t\t\t\t\t\n<h2 class=\"wp-block-heading\"><strong>Und hier das obligatorische das niemand Lust hat zu lesen:<\/strong><\/h2>\n<p><\/p><\/div><\/div><\/div><\/div><\/div><\/section><\/div> &hellip;<p class=\"ast-the-content-more-link\"> <a class=\"\" href=\"https:\/\/lucerneviolins.com\/fr\/privacy-policy\/\"> <span class=\"screen-reader-text\">Privacy Policy<\/span>Lire la suite\u00a0\u00bb<\/a><\/p>","protected":false},"excerpt":{"rendered":"<p>Das Wichtigste: Die Anmeldung zu unserem Event ist verbindlich. Die Nachfrage ist gross. Sollten Sie trotz Anmeldung nicht kommen k\u00f6nnen, sind wir dankbar wenn Sie sich abmelden damit der Platz wieder freigegeben werden kann. Mit der Anmeldung sind Sie sich im klaren dass dieser Service nicht gratis ist. Nach einer kurzen Begutachtung Ihres Bogens\/Instrumentes besprechen [&hellip;]<\/p>","protected":false},"author":1,"featured_media":0,"parent":0,"menu_order":0,"comment_status":"closed","ping_status":"open","template":"","meta":{"site-sidebar-layout":"no-sidebar","site-content-layout":"default","ast-site-content-layout":"default","site-content-style":"default","site-sidebar-style":"default","ast-global-header-display":"","ast-banner-title-visibility":"","ast-main-header-display":"disabled","ast-hfb-above-header-display":"","ast-hfb-below-header-display":"","ast-hfb-mobile-header-display":"","site-post-title":"disabled","ast-breadcrumbs-content":"","ast-featured-img":"","footer-sml-layout":"","theme-transparent-header-meta":"default","adv-header-id-meta":"","stick-header-meta":"","header-above-stick-meta":"","header-main-stick-meta":"","header-below-stick-meta":"","astra-migrate-meta-layouts":"default","ast-page-background-enabled":"default","ast-page-background-meta":{"desktop":{"background-color":"","background-image":"","background-repeat":"repeat","background-position":"center center","background-size":"auto","background-attachment":"scroll","background-type":"","background-media":"","overlay-type":"","overlay-color":"","overlay-opacity":"","overlay-gradient":""},"tablet":{"background-color":"","background-image":"","background-repeat":"repeat","background-position":"center center","background-size":"auto","background-attachment":"scroll","background-type":"","background-media":"","overlay-type":"","overlay-color":"","overlay-opacity":"","overlay-gradient":""},"mobile":{"background-color":"","background-image":"","background-repeat":"repeat","background-position":"center center","background-size":"auto","background-attachment":"scroll","background-type":"","background-media":"","overlay-type":"","overlay-color":"","overlay-opacity":"","overlay-gradient":""}},"ast-content-background-meta":{"desktop":{"background-color":"var(--ast-global-color-5)","background-image":"","background-repeat":"repeat","background-position":"center center","background-size":"auto","background-attachment":"scroll","background-type":"","background-media":"","overlay-type":"","overlay-color":"","overlay-opacity":"","overlay-gradient":""},"tablet":{"background-color":"var(--ast-global-color-5)","background-image":"","background-repeat":"repeat","background-position":"center center","background-size":"auto","background-attachment":"scroll","background-type":"","background-media":"","overlay-type":"","overlay-color":"","overlay-opacity":"","overlay-gradient":""},"mobile":{"background-color":"var(--ast-global-color-5)","background-image":"","background-repeat":"repeat","background-position":"center center","background-size":"auto","background-attachment":"scroll","background-type":"","background-media":"","overlay-type":"","overlay-color":"","overlay-opacity":"","overlay-gradient":""}},"footnotes":""},"class_list":["post-3","page","type-page","status-publish","hentry"],"_links":{"self":[{"href":"https:\/\/lucerneviolins.com\/fr\/wp-json\/wp\/v2\/pages\/3","targetHints":{"allow":["GET"]}}],"collection":[{"href":"https:\/\/lucerneviolins.com\/fr\/wp-json\/wp\/v2\/pages"}],"about":[{"href":"https:\/\/lucerneviolins.com\/fr\/wp-json\/wp\/v2\/types\/page"}],"author":[{"embeddable":true,"href":"https:\/\/lucerneviolins.com\/fr\/wp-json\/wp\/v2\/users\/1"}],"replies":[{"embeddable":true,"href":"https:\/\/lucerneviolins.com\/fr\/wp-json\/wp\/v2\/comments?post=3"}],"version-history":[{"count":14,"href":"https:\/\/lucerneviolins.com\/fr\/wp-json\/wp\/v2\/pages\/3\/revisions"}],"predecessor-version":[{"id":1064,"href":"https:\/\/lucerneviolins.com\/fr\/wp-json\/wp\/v2\/pages\/3\/revisions\/1064"}],"wp:attachment":[{"href":"https:\/\/lucerneviolins.com\/fr\/wp-json\/wp\/v2\/media?parent=3"}],"curies":[{"name":"wp","href":"https:\/\/api.w.org\/{rel}","templated":true}]}}