{"id":1211,"date":"2021-01-15T16:47:52","date_gmt":"2021-01-15T15:47:52","guid":{"rendered":"https:\/\/lucerneviolins.ch\/?page_id=1211"},"modified":"2025-07-05T13:12:27","modified_gmt":"2025-07-05T11:12:27","slug":"vielen-dank","status":"publish","type":"page","link":"https:\/\/lucerneviolins.com\/en\/vielen-dank\/","title":{"rendered":"vielen Dank"},"content":{"rendered":"<div data-elementor-type=\"wp-post\" data-elementor-id=\"1211\" class=\"elementor elementor-1211\" data-elementor-post-type=\"page\">\n\t\t\t\t\t\t<section class=\"elementor-section elementor-top-section elementor-element elementor-element-c646765 elementor-section-height-min-height elementor-section-boxed elementor-section-height-default elementor-section-items-middle\" data-id=\"c646765\" data-element_type=\"section\" data-settings=\"{&quot;background_background&quot;:&quot;classic&quot;}\">\n\t\t\t\t\t\t<div class=\"elementor-container elementor-column-gap-default\">\n\t\t\t\t\t<div class=\"elementor-column elementor-col-100 elementor-top-column elementor-element elementor-element-206ce61\" data-id=\"206ce61\" data-element_type=\"column\">\n\t\t\t<div class=\"elementor-widget-wrap elementor-element-populated\">\n\t\t\t\t\t\t<div class=\"elementor-element elementor-element-cd4465e elementor-widget elementor-widget-heading\" data-id=\"cd4465e\" data-element_type=\"widget\" data-widget_type=\"heading.default\">\n\t\t\t\t<div class=\"elementor-widget-container\">\n\t\t\t\t\t<h2 class=\"elementor-heading-title elementor-size-default\">Wir haben Ihre Terminreservation erhalten!<br><b>Besten Dank!<\/b> We have received your appointment reservation!\nThank you very much!<\/h2>\t\t\t\t<\/div>\n\t\t\t\t<\/div>\n\t\t\t\t<div class=\"elementor-element elementor-element-7b6abbe elementor-widget-divider--view-line elementor-widget elementor-widget-divider\" data-id=\"7b6abbe\" data-element_type=\"widget\" data-widget_type=\"divider.default\">\n\t\t\t\t<div class=\"elementor-widget-container\">\n\t\t\t\t\t\t\t<div class=\"elementor-divider\">\n\t\t\t<span class=\"elementor-divider-separator\">\n\t\t\t\t\t\t<\/span>\n\t\t<\/div>\n\t\t\t\t\t\t<\/div>\n\t\t\t\t<\/div>\n\t\t\t\t<div class=\"elementor-element elementor-element-6ed027b elementor-widget elementor-widget-text-editor\" data-id=\"6ed027b\" data-element_type=\"widget\" data-widget_type=\"text-editor.default\">\n\t\t\t\t<div class=\"elementor-widget-container\">\n\t\t\t\t\t\t\t\t\t<p><\/p>\n<p><span style=\"color: #000000;\">Sie werden in K\u00fcrze eine e-Mail Best\u00e4tigung bekommen!<\/span><br \/><span style=\"color: #000000;\">Sollte diese nicht eintreffen, bitten wir Sie im <strong>Spam Ordner<\/strong> nachzuschauen.<\/span><br \/><span style=\"color: #000000;\">So oder so gilt der Termin!<\/span><\/p>\n<p>Vous recevrez bient\u00f4t une confirmation par e-mail ! Si ce n&#8217;est pas le cas, veuillez v\u00e9rifier votre dossier de spam. Quoi qu&#8217;il en soit, le rendez-vous est confirm\u00e9!<\/p>\n<p>You will shortly receive an email confirmation!<br \/>If it does not arrive, please check your spam folder.<br \/>In any case, the appointment stands!<\/p>\n<p>Riceverai a breve una conferma via email!<br \/>Se non dovesse arrivare, ti preghiamo di controllare nella cartella dello spam.<br \/>In ogni caso, l&#8217;appuntamento \u00e8 confermato!<\/p>\n<p><\/p>\t\t\t\t\t\t\t\t<\/div>\n\t\t\t\t<\/div>\n\t\t\t\t<div class=\"elementor-element elementor-element-15b40b3 elementor-widget elementor-widget-text-editor\" data-id=\"15b40b3\" data-element_type=\"widget\" data-widget_type=\"text-editor.default\">\n\t\t\t\t<div class=\"elementor-widget-container\">\n\t\t\t\t\t\t\t\t\t\n<p><strong>Lucerne Violins<\/strong><br \/>www.lucerneviolins.ch<\/p>\n\t\t\t\t\t\t\t\t<\/div>\n\t\t\t\t<\/div>\n\t\t\t\t<div class=\"elementor-element elementor-element-5c33719 elementor-widget elementor-widget-button\" data-id=\"5c33719\" data-element_type=\"widget\" data-widget_type=\"button.default\">\n\t\t\t\t<div class=\"elementor-widget-container\">\n\t\t\t\t\t\t\t\t\t<div class=\"elementor-button-wrapper\">\n\t\t\t\t\t<a class=\"elementor-button elementor-button-link elementor-size-sm\" href=\"https:\/\/lucerneviolins.ch\/de_ch\/expertise\/\">\n\t\t\t\t\t\t<span class=\"elementor-button-content-wrapper\">\n\t\t\t\t\t\t\t\t\t<span class=\"elementor-button-text\">zur\u00fcck zur Website<\/span>\n\t\t\t\t\t<\/span>\n\t\t\t\t\t<\/a>\n\t\t\t\t<\/div>\n\t\t\t\t\t\t\t\t<\/div>\n\t\t\t\t<\/div>\n\t\t\t\t<div class=\"elementor-element elementor-element-dd692bd elementor-widget-divider--view-line elementor-widget elementor-widget-divider\" data-id=\"dd692bd\" data-element_type=\"widget\" data-widget_type=\"divider.default\">\n\t\t\t\t<div class=\"elementor-widget-container\">\n\t\t\t\t\t\t\t<div class=\"elementor-divider\">\n\t\t\t<span class=\"elementor-divider-separator\">\n\t\t\t\t\t\t<\/span>\n\t\t<\/div>\n\t\t\t\t\t\t<\/div>\n\t\t\t\t<\/div>\n\t\t\t\t\t<\/div>\n\t\t<\/div>\n\t\t\t\t\t<\/div>\n\t\t<\/section>\n\t\t\t\t<footer class=\"elementor-section elementor-top-section elementor-element elementor-element-1a393229 elementor-section-height-min-height elementor-section-content-middle footer-bottom elementor-section-boxed elementor-section-height-default elementor-section-items-middle\" data-id=\"1a393229\" data-element_type=\"section\" id=\"footer-bottom\" data-settings=\"{&quot;background_background&quot;:&quot;classic&quot;}\">\n\t\t\t\t\t\t<div class=\"elementor-container elementor-column-gap-no\">\n\t\t\t\t\t<div class=\"elementor-column elementor-col-100 elementor-top-column elementor-element elementor-element-97b83ed\" data-id=\"97b83ed\" data-element_type=\"column\">\n\t\t\t<div class=\"elementor-widget-wrap\">\n\t\t\t\t\t\t\t<\/div>\n\t\t<\/div>\n\t\t\t\t\t<\/div>\n\t\t<\/footer>\n\t\t\t\t<\/div>","protected":false},"excerpt":{"rendered":"<p>Wir haben Ihre Terminreservation erhalten!Besten Dank! We have received your appointment reservation! Thank you very much! Sie werden in K\u00fcrze eine e-Mail Best\u00e4tigung bekommen!Sollte diese nicht eintreffen, bitten wir Sie im Spam Ordner nachzuschauen.So oder so gilt der Termin! Vous recevrez bient\u00f4t une confirmation par e-mail ! Si ce n&#8217;est pas le cas, veuillez v\u00e9rifier [&hellip;]<\/p>","protected":false},"author":1,"featured_media":0,"parent":0,"menu_order":0,"comment_status":"closed","ping_status":"closed","template":"elementor_canvas","meta":{"site-sidebar-layout":"default","site-content-layout":"default","ast-site-content-layout":"default","site-content-style":"default","site-sidebar-style":"default","ast-global-header-display":"","ast-banner-title-visibility":"","ast-main-header-display":"disabled","ast-hfb-above-header-display":"","ast-hfb-below-header-display":"","ast-hfb-mobile-header-display":"","site-post-title":"disabled","ast-breadcrumbs-content":"","ast-featured-img":"disabled","footer-sml-layout":"disabled","theme-transparent-header-meta":"default","adv-header-id-meta":"","stick-header-meta":"","header-above-stick-meta":"","header-main-stick-meta":"","header-below-stick-meta":"","astra-migrate-meta-layouts":"default","ast-page-background-enabled":"default","ast-page-background-meta":{"desktop":{"background-color":"","background-image":"","background-repeat":"repeat","background-position":"center center","background-size":"auto","background-attachment":"scroll","background-type":"","background-media":"","overlay-type":"","overlay-color":"","overlay-opacity":"","overlay-gradient":""},"tablet":{"background-color":"","background-image":"","background-repeat":"repeat","background-position":"center center","background-size":"auto","background-attachment":"scroll","background-type":"","background-media":"","overlay-type":"","overlay-color":"","overlay-opacity":"","overlay-gradient":""},"mobile":{"background-color":"","background-image":"","background-repeat":"repeat","background-position":"center center","background-size":"auto","background-attachment":"scroll","background-type":"","background-media":"","overlay-type":"","overlay-color":"","overlay-opacity":"","overlay-gradient":""}},"ast-content-background-meta":{"desktop":{"background-color":"var(--ast-global-color-5)","background-image":"","background-repeat":"repeat","background-position":"center center","background-size":"auto","background-attachment":"scroll","background-type":"","background-media":"","overlay-type":"","overlay-color":"","overlay-opacity":"","overlay-gradient":""},"tablet":{"background-color":"var(--ast-global-color-5)","background-image":"","background-repeat":"repeat","background-position":"center center","background-size":"auto","background-attachment":"scroll","background-type":"","background-media":"","overlay-type":"","overlay-color":"","overlay-opacity":"","overlay-gradient":""},"mobile":{"background-color":"var(--ast-global-color-5)","background-image":"","background-repeat":"repeat","background-position":"center center","background-size":"auto","background-attachment":"scroll","background-type":"","background-media":"","overlay-type":"","overlay-color":"","overlay-opacity":"","overlay-gradient":""}},"footnotes":""},"class_list":["post-1211","page","type-page","status-publish","hentry"],"_links":{"self":[{"href":"https:\/\/lucerneviolins.com\/en\/wp-json\/wp\/v2\/pages\/1211","targetHints":{"allow":["GET"]}}],"collection":[{"href":"https:\/\/lucerneviolins.com\/en\/wp-json\/wp\/v2\/pages"}],"about":[{"href":"https:\/\/lucerneviolins.com\/en\/wp-json\/wp\/v2\/types\/page"}],"author":[{"embeddable":true,"href":"https:\/\/lucerneviolins.com\/en\/wp-json\/wp\/v2\/users\/1"}],"replies":[{"embeddable":true,"href":"https:\/\/lucerneviolins.com\/en\/wp-json\/wp\/v2\/comments?post=1211"}],"version-history":[{"count":23,"href":"https:\/\/lucerneviolins.com\/en\/wp-json\/wp\/v2\/pages\/1211\/revisions"}],"predecessor-version":[{"id":2549,"href":"https:\/\/lucerneviolins.com\/en\/wp-json\/wp\/v2\/pages\/1211\/revisions\/2549"}],"wp:attachment":[{"href":"https:\/\/lucerneviolins.com\/en\/wp-json\/wp\/v2\/media?parent=1211"}],"curies":[{"name":"wp","href":"https:\/\/api.w.org\/{rel}","templated":true}]}}